{"id":1106,"date":"2025-02-28T06:35:25","date_gmt":"2025-02-28T06:35:25","guid":{"rendered":"https:\/\/aipersona.lt\/nauja-zmogaus-ir-technologiju-saveikos-era\/"},"modified":"2025-07-22T14:59:53","modified_gmt":"2025-07-22T14:59:53","slug":"nauja-zmogaus-ir-technologiju-saveikos-era","status":"publish","type":"page","link":"https:\/\/aipersona.space\/pl\/nauja-zmogaus-ir-technologiju-saveikos-era\/","title":{"rendered":"NAUJA \u017dMOGAUS IR TECHNOLOGIJ\u0172 S\u0104VEIKOS ERA"},"content":{"rendered":"","protected":false},"excerpt":{"rendered":"<p>Nauja \u017dmogaus ir Technologij\u0173 S\u0105veikos Era<\/p>\n","protected":false},"author":1,"featured_media":0,"parent":0,"menu_order":0,"comment_status":"closed","ping_status":"closed","template":"","meta":{"_monsterinsights_skip_tracking":false,"_monsterinsights_sitenote_active":false,"_monsterinsights_sitenote_note":"","_monsterinsights_sitenote_category":0,"_uf_show_specific_survey":0,"_uf_disable_surveys":false,"footnotes":""},"class_list":["post-1106","page","type-page","status-publish","hentry"],"aioseo_notices":[],"_links":{"self":[{"href":"https:\/\/aipersona.space\/pl\/wp-json\/wp\/v2\/pages\/1106","targetHints":{"allow":["GET"]}}],"collection":[{"href":"https:\/\/aipersona.space\/pl\/wp-json\/wp\/v2\/pages"}],"about":[{"href":"https:\/\/aipersona.space\/pl\/wp-json\/wp\/v2\/types\/page"}],"author":[{"embeddable":true,"href":"https:\/\/aipersona.space\/pl\/wp-json\/wp\/v2\/users\/1"}],"replies":[{"embeddable":true,"href":"https:\/\/aipersona.space\/pl\/wp-json\/wp\/v2\/comments?post=1106"}],"version-history":[{"count":19,"href":"https:\/\/aipersona.space\/pl\/wp-json\/wp\/v2\/pages\/1106\/revisions"}],"predecessor-version":[{"id":2867,"href":"https:\/\/aipersona.space\/pl\/wp-json\/wp\/v2\/pages\/1106\/revisions\/2867"}],"wp:attachment":[{"href":"https:\/\/aipersona.space\/pl\/wp-json\/wp\/v2\/media?parent=1106"}],"curies":[{"name":"wp","href":"https:\/\/api.w.org\/{rel}","templated":true}]}}