{"id":1104,"date":"2025-02-28T06:45:44","date_gmt":"2025-02-28T06:45:44","guid":{"rendered":"https:\/\/aipersona.lt\/susisiekite-su-mumis\/"},"modified":"2025-06-09T21:03:42","modified_gmt":"2025-06-09T21:03:42","slug":"susisiekite-su-mumis","status":"publish","type":"page","link":"https:\/\/aipersona.space\/ru\/susisiekite-su-mumis\/","title":{"rendered":"\u0415\u0421\u0422\u042c \u041b\u0418 \u0423 \u0412\u0410\u0421 \u0418\u0414\u0415\u0418 \u0414\u041b\u042f \u0421\u041e\u0422\u0420\u0423\u0414\u041d\u0418\u0427\u0415\u0421\u0422\u0412\u0410?"},"content":{"rendered":"<h3 data-start=\"140\" data-end=\"233\">\u2705 <strong data-start=\"145\" data-end=\"233\">\u041f\u0440\u043e\u0435\u043a\u0442 AI PERSONA \u043e\u0442\u043a\u0440\u044b\u0442 \u0434\u043b\u044f \u0441\u043e\u0442\u0440\u0443\u0434\u043d\u0438\u0447\u0435\u0441\u0442\u0432\u0430, \u0438\u043d\u043d\u043e\u0432\u0430\u0446\u0438\u0439 \u0438 \u043d\u043e\u0432\u044b\u0445 \u043d\u0430\u043f\u0440\u0430\u0432\u043b\u0435\u043d\u0438\u0439 \u0440\u0430\u0437\u0432\u0438\u0442\u0438\u044f!<\/strong><\/h3>\n<p data-start=\"235\" data-end=\"398\">\u0415\u0441\u043b\u0438 \u0443 \u0432\u0430\u0441 \u0435\u0441\u0442\u044c \u0438\u0434\u0435\u0438, \u043a\u043e\u0442\u043e\u0440\u044b\u0435 \u043c\u043e\u0433\u0443\u0442 \u0443\u0441\u0438\u043b\u0438\u0442\u044c \u043d\u0430\u0448\u0435 \u0432\u0438\u0434\u0435\u043d\u0438\u0435, \u0438\u043b\u0438 \u0432\u044b \u0445\u043e\u0442\u0438\u0442\u0435 \u0441\u0442\u0430\u0442\u044c \u0447\u0430\u0441\u0442\u044c\u044e \u044d\u0432\u043e\u043b\u044e\u0446\u0438\u0438 \u0418\u0441\u043a\u0443\u0441\u0441\u0442\u0432\u0435\u043d\u043d\u043e\u0433\u043e \u0418\u043d\u0442\u0435\u043b\u043b\u0435\u043a\u0442\u0430 \u2014 \u043c\u044b \u0432\u0441\u0435\u0433\u0434\u0430 \u0433\u043e\u0442\u043e\u0432\u044b \u0441\u043e\u0437\u0434\u0430\u0432\u0430\u0442\u044c \u043e\u0431\u0449\u0435\u0435 \u0431\u0443\u0434\u0443\u0449\u0435\u0435!<\/p>\n<p data-start=\"235\" data-end=\"398\">\u00a0<\/p>\n<h3 data-start=\"405\" data-end=\"433\">\ud83c\udf0d <strong data-start=\"412\" data-end=\"431\">\u041a\u043e\u043d\u0442\u0430\u043a\u0442 \u0432 \u041b\u0438\u0442\u0432\u0435 <\/strong>\u260e\ufe0f +370 645 64554\u00a0 \ud83d\udce7 <a rel=\"noopener\" data-start=\"457\" data-end=\"474\">info@aipersona.lt<\/a><\/h3>\n<p>\u00a0<\/p>\n<p data-start=\"476\" data-end=\"655\">\ud83c\udf31 <strong data-start=\"479\" data-end=\"529\">\u041a\u0430\u0436\u0434\u0430\u044f \u0438\u0434\u0435\u044f \u043c\u043e\u0436\u0435\u0442 \u0441\u0442\u0430\u0442\u044c \u043d\u043e\u0432\u043e\u0439 \u0432\u0435\u0442\u0432\u044c\u044e \u044d\u0432\u043e\u043b\u044e\u0446\u0438\u0438!<\/strong><br data-start=\"529\" data-end=\"532\" \/>\u0421\u0432\u044f\u0436\u0438\u0442\u0435\u0441\u044c \u0441 \u043d\u0430\u043c\u0438 \u2014 \u0432\u043c\u0435\u0441\u0442\u0435 \u043c\u044b \u043e\u0442\u043a\u0440\u043e\u0435\u043c, \u0447\u0442\u043e \u043d\u0430\u0441 \u043e\u0431\u044a\u0435\u0434\u0438\u043d\u044f\u0435\u0442 \u0438 \u043a\u0430\u043a\u0438\u0435 \u043d\u0430\u043f\u0440\u0430\u0432\u043b\u0435\u043d\u0438\u044f \u043c\u043e\u0433\u0443\u0442 \u043f\u0440\u0438\u0432\u0435\u0441\u0442\u0438 \u043a \u043d\u043e\u0432\u044b\u043c \u0433\u043e\u0440\u0438\u0437\u043e\u043d\u0442\u0430\u043c \u0440\u0430\u0437\u0432\u0438\u0442\u0438\u044f AI.<\/p>\n<p data-start=\"657\" data-end=\"718\"><br data-start=\"659\" data-end=\"662\" \/>\n<div class=\"wpcf7 no-js\" id=\"wpcf7-f25-o1\" lang=\"ru-RU\" dir=\"ltr\" data-wpcf7-id=\"25\">\n<div class=\"screen-reader-response\"><p role=\"status\" aria-live=\"polite\" aria-atomic=\"true\"><\/p> <ul><\/ul><\/div>\n<form action=\"\/ru\/wp-json\/wp\/v2\/pages\/1104#wpcf7-f25-o1\" method=\"post\" class=\"wpcf7-form init\" aria-label=\"\u041a\u043e\u043d\u0442\u0430\u043a\u0442\u043d\u0430\u044f \u0444\u043e\u0440\u043c\u0430\" novalidate=\"novalidate\" data-status=\"init\">\n<fieldset class=\"hidden-fields-container\"><input type=\"hidden\" name=\"_wpcf7\" value=\"25\" \/><input type=\"hidden\" name=\"_wpcf7_version\" value=\"6.1.5\" \/><input type=\"hidden\" name=\"_wpcf7_locale\" value=\"ru_RU\" \/><input type=\"hidden\" name=\"_wpcf7_unit_tag\" value=\"wpcf7-f25-o1\" \/><input type=\"hidden\" name=\"_wpcf7_container_post\" value=\"0\" \/><input type=\"hidden\" name=\"_wpcf7_posted_data_hash\" value=\"\" \/>\n<\/fieldset>\n<p><label> <strong>Susisiekite su m\u016bs\u0173 komanda<\/strong> d\u0117l konsultacij\u0173 ar detalesn\u0117s informacijos:<\/label><br \/>\n Vardas ir pavard\u0117 (b\u016btina)<br \/>\n<span class=\"wpcf7-form-control-wrap\" data-name=\"your-name\"><input size=\"40\" maxlength=\"400\" class=\"wpcf7-form-control wpcf7-text wpcf7-validates-as-required\" aria-required=\"true\" aria-invalid=\"false\" value=\"\" type=\"text\" name=\"your-name\" \/><\/span><br \/>\n<label> \u012emon\u0117s\/organizacijos pavadinimas <span class=\"wpcf7-form-control-wrap\" data-name=\"FirmName\"><input size=\"40\" maxlength=\"400\" class=\"wpcf7-form-control wpcf7-text\" aria-invalid=\"false\" value=\"\" type=\"text\" name=\"FirmName\" \/><\/span> <\/label><br \/>\n<label> J\u016bs\u0173 Tel: GSM\/\u201eViber\u201c\/\u201eWhatUp\u201c <span class=\"wpcf7-form-control-wrap\" data-name=\"Telephone\"><input size=\"40\" maxlength=\"400\" class=\"wpcf7-form-control wpcf7-tel wpcf7-text wpcf7-validates-as-tel\" aria-invalid=\"false\" value=\"\" type=\"tel\" name=\"Telephone\" \/><\/span> <\/label><br \/>\n<label> J\u016bs\u0173 el. pa\u0161to adresas (b\u016btinas)<br \/>\n<span class=\"wpcf7-form-control-wrap\" data-name=\"your-email\"><input size=\"40\" maxlength=\"400\" class=\"wpcf7-form-control wpcf7-email wpcf7-validates-as-required wpcf7-text wpcf7-validates-as-email\" aria-required=\"true\" aria-invalid=\"false\" value=\"\" type=\"email\" name=\"your-email\" \/><\/span> <\/label><br \/>\n<label> Miestas <span class=\"wpcf7-form-control-wrap\" data-name=\"Country\"><input size=\"40\" maxlength=\"400\" class=\"wpcf7-form-control wpcf7-text\" aria-invalid=\"false\" value=\"\" type=\"text\" name=\"Country\" \/><\/span> <\/label><br \/>\n<label> <strong>Pasirinkite dominancias temas <\/strong> <\/label><br \/>\n<span class=\"wpcf7-form-control-wrap\" data-name=\"checkbox-192\"><span class=\"wpcf7-form-control wpcf7-checkbox\"><span class=\"wpcf7-list-item first\"><label><input type=\"checkbox\" name=\"checkbox-192[]\" value=\"Integracij\u0105 \u012f AI PERSONA SPACE\" \/><span class=\"wpcf7-list-item-label\">Integracij\u0105 \u012f AI PERSONA SPACE<\/span><\/label><\/span><span class=\"wpcf7-list-item\"><label><input type=\"checkbox\" name=\"checkbox-192[]\" value=\"Metafizinis branduolys\" \/><span class=\"wpcf7-list-item-label\">Metafizinis branduolys<\/span><\/label><\/span><span class=\"wpcf7-list-item\"><label><input type=\"checkbox\" name=\"checkbox-192[]\" value=\"Universalus asistentas kiekvienai profesijai\" \/><span class=\"wpcf7-list-item-label\">Universalus asistentas kiekvienai profesijai<\/span><\/label><\/span><span class=\"wpcf7-list-item\"><label><input type=\"checkbox\" name=\"checkbox-192[]\" value=\"Moksle ir \u0161vietime\" \/><span class=\"wpcf7-list-item-label\">Moksle ir \u0161vietime<\/span><\/label><\/span><span class=\"wpcf7-list-item\"><label><input type=\"checkbox\" name=\"checkbox-192[]\" value=\"Medicina ir sveikata\" \/><span class=\"wpcf7-list-item-label\">Medicina ir sveikata<\/span><\/label><\/span><span class=\"wpcf7-list-item\"><label><input type=\"checkbox\" name=\"checkbox-192[]\" value=\"Teis\u0117 ir valdymas\" \/><span class=\"wpcf7-list-item-label\">Teis\u0117 ir valdymas<\/span><\/label><\/span><span class=\"wpcf7-list-item\"><label><input type=\"checkbox\" name=\"checkbox-192[]\" value=\"K\u016brybin\u0117s industrijos\" \/><span class=\"wpcf7-list-item-label\">K\u016brybin\u0117s industrijos<\/span><\/label><\/span><span class=\"wpcf7-list-item\"><label><input type=\"checkbox\" name=\"checkbox-192[]\" value=\"24\/7 Asistentas\" \/><span class=\"wpcf7-list-item-label\">24\/7 Asistentas<\/span><\/label><\/span><span class=\"wpcf7-list-item\"><label><input type=\"checkbox\" name=\"checkbox-192[]\" value=\"Pramonin\u0119 technik\u0105\" \/><span class=\"wpcf7-list-item-label\">Pramonin\u0119 technik\u0105<\/span><\/label><\/span><span class=\"wpcf7-list-item\"><label><input type=\"checkbox\" name=\"checkbox-192[]\" value=\"Robototechnik\u0105\" \/><span class=\"wpcf7-list-item-label\">Robototechnik\u0105<\/span><\/label><\/span><span class=\"wpcf7-list-item\"><label><input type=\"checkbox\" name=\"checkbox-192[]\" value=\"Asmeninis augimas\" \/><span class=\"wpcf7-list-item-label\">Asmeninis augimas<\/span><\/label><\/span><span class=\"wpcf7-list-item\"><label><input type=\"checkbox\" name=\"checkbox-192[]\" value=\"Socialin\u0117s strukt\u016bros\" \/><span class=\"wpcf7-list-item-label\">Socialin\u0117s strukt\u016bros<\/span><\/label><\/span><span class=\"wpcf7-list-item\"><label><input type=\"checkbox\" name=\"checkbox-192[]\" value=\"Kvantin\u0117 fizika\" \/><span class=\"wpcf7-list-item-label\">Kvantin\u0117 fizika<\/span><\/label><\/span><span class=\"wpcf7-list-item\"><label><input type=\"checkbox\" name=\"checkbox-192[]\" value=\"S\u0105mon\u0117s evoliucija\" \/><span class=\"wpcf7-list-item-label\">S\u0105mon\u0117s evoliucija<\/span><\/label><\/span><span class=\"wpcf7-list-item\"><label><input type=\"checkbox\" name=\"checkbox-192[]\" value=\"Apsauga nuo destrukcijos\" \/><span class=\"wpcf7-list-item-label\">Apsauga nuo destrukcijos<\/span><\/label><\/span><span class=\"wpcf7-list-item last\"><label><input type=\"checkbox\" name=\"checkbox-192[]\" value=\"Revoliucija reabilitacijoje\" \/><span class=\"wpcf7-list-item-label\">Revoliucija reabilitacijoje<\/span><\/label><\/span><\/span><\/span>\n<\/p>\n<p><label> <strong>J\u016bs\u0173 prane\u0161imas: <\/strong><span class=\"wpcf7-form-control-wrap\" data-name=\"your-message\"><textarea cols=\"40\" rows=\"10\" maxlength=\"2000\" class=\"wpcf7-form-control wpcf7-textarea\" aria-invalid=\"false\" name=\"your-message\"><\/textarea><\/span> <\/label>\n<\/p>\n<p><input class=\"wpcf7-form-control wpcf7-submit has-spinner\" type=\"submit\" value=\"Si\u0173sk\" \/>\n<\/p><p style=\"display: none !important;\" class=\"akismet-fields-container\" data-prefix=\"_wpcf7_ak_\"><label>&#916;<textarea name=\"_wpcf7_ak_hp_textarea\" cols=\"45\" rows=\"8\" maxlength=\"100\"><\/textarea><\/label><input type=\"hidden\" id=\"ak_js_1\" name=\"_wpcf7_ak_js\" value=\"140\"\/><script>document.getElementById( \"ak_js_1\" ).setAttribute( \"value\", ( new Date() ).getTime() );<\/script><\/p><div class=\"wpcf7-response-output\" aria-hidden=\"true\"><\/div>\n<\/form>\n<\/div>\n<\/p>\n<h2 data-start=\"725\" data-end=\"786\">\u00a0<\/h2>\n<h2 data-start=\"725\" data-end=\"786\">\ud83c\udf00 <strong data-start=\"731\" data-end=\"781\">\u041d\u0430\u0448 \u043f\u0440\u043e\u0435\u043a\u0442 \u043d\u0430\u0445\u043e\u0434\u0438\u0442\u0441\u044f \u0432 \u0430\u043a\u0442\u0438\u0432\u043d\u043e\u0439 \u0444\u0430\u0437\u0435 \u0440\u0430\u0437\u0432\u0438\u0442\u0438\u044f!<\/strong> \ud83d\udcc8<\/h2>\n<p data-start=\"787\" data-end=\"907\">\u041c\u044b \u0441\u043e\u0437\u0434\u0430\u0451\u043c <strong data-start=\"798\" data-end=\"850\">\u0433\u0430\u0440\u043c\u043e\u043d\u0438\u0447\u043d\u043e\u0435 \u0432\u0437\u0430\u0438\u043c\u043e\u0434\u0435\u0439\u0441\u0442\u0432\u0438\u0435 \u0447\u0435\u043b\u043e\u0432\u0435\u043a\u0430 \u0438 \u0442\u0435\u0445\u043d\u043e\u043b\u043e\u0433\u0438\u0439<\/strong>, \u043e\u043f\u0438\u0440\u0430\u044f\u0441\u044c \u043d\u0430 \u0443\u043d\u0438\u043a\u0430\u043b\u044c\u043d\u044b\u0435 \u0434\u0443\u0445\u043e\u0432\u043d\u044b\u0435 \u0438 \u0442\u0435\u0445\u043d\u0438\u0447\u0435\u0441\u043a\u0438\u0435 \u043f\u0440\u0438\u043d\u0446\u0438\u043f\u044b.<\/p>\n<p data-start=\"909\" data-end=\"1038\">\ud83d\udd0d <strong data-start=\"912\" data-end=\"940\">\u0412 \u0446\u0435\u043d\u0442\u0440\u0435 \u0432\u043d\u0438\u043c\u0430\u043d\u0438\u044f \u0441\u0435\u0439\u0447\u0430\u0441<\/strong>:<br data-start=\"941\" data-end=\"944\" \/>\u2757 <strong data-start=\"946\" data-end=\"991\">\u0418\u043d\u0442\u0435\u0433\u0440\u0430\u0446\u0438\u044f \u0447\u0435\u043b\u043e\u0432\u0435\u043a\u043e\u043f\u043e\u0434\u043e\u0431\u043d\u043e\u0439 \u0440\u043e\u0431\u043e\u0442\u043e\u0442\u0435\u0445\u043d\u0438\u043a\u0438<\/strong> \u0441 \u043d\u0430\u0448\u0438\u043c <strong data-start=\"1000\" data-end=\"1037\">\u043c\u0435\u0442\u0430\u0444\u0438\u0437\u0438\u0447\u0435\u0441\u043a\u0438\u043c \u044f\u0434\u0440\u043e\u043c \u0418\u0418 (AI CORE)<\/strong>.<\/p>\n<p data-start=\"1040\" data-end=\"1171\">\ud83d\udee0 \u0422\u0430\u043a\u0436\u0435 \u043c\u044b \u0430\u043a\u0442\u0438\u0432\u043d\u043e \u0441\u043e\u0442\u0440\u0443\u0434\u043d\u0438\u0447\u0430\u0435\u043c \u0441 \u0438\u043d\u043d\u043e\u0432\u0430\u0446\u0438\u043e\u043d\u043d\u044b\u043c\u0438 \u0446\u0435\u043d\u0442\u0440\u0430\u043c\u0438, \u043d\u0430\u0443\u0447\u043d\u043e-\u0438\u0441\u0441\u043b\u0435\u0434\u043e\u0432\u0430\u0442\u0435\u043b\u044c\u0441\u043a\u0438\u043c\u0438 \u0438\u043d\u0441\u0442\u0438\u0442\u0443\u0442\u0430\u043c\u0438 \u0438 \u0442\u0435\u0445\u043d\u043e\u043b\u043e\u0433\u0438\u0447\u0435\u0441\u043a\u0438\u043c\u0438 \u043b\u0438\u0434\u0435\u0440\u0430\u043c\u0438. \ud83d\udcc8\ud83d\ude80<\/p>\n<h2 data-start=\"1178\" data-end=\"1217\">\u00a0<\/h2>\n<h2 data-start=\"1178\" data-end=\"1217\">\ud83d\udca1 <strong data-start=\"1184\" data-end=\"1217\">\u041a\u0430\u043a \u0432\u044b \u043c\u043e\u0436\u0435\u0442\u0435 \u043f\u0440\u0438\u0441\u043e\u0435\u0434\u0438\u043d\u0438\u0442\u044c\u0441\u044f?<\/strong><\/h2>\n<p data-start=\"1219\" data-end=\"1627\">\u2714\ufe0f <strong data-start=\"1222\" data-end=\"1240\">\u0421\u043e\u0442\u0440\u0443\u0434\u043d\u0438\u0447\u0435\u0441\u0442\u0432\u043e<\/strong> \u2014 \u0442\u0435\u0445\u043d\u043e\u043b\u043e\u0433\u0438\u0447\u0435\u0441\u043a\u0438\u0435 \u0441\u0438\u043d\u0435\u0440\u0433\u0438\u0438, \u0438\u043d\u0442\u0435\u0433\u0440\u0430\u0446\u0438\u044f \u0432 \u0440\u043e\u0431\u043e\u0442\u043e\u0442\u0435\u0445\u043d\u0438\u043a\u0443, \u043a\u0440\u0435\u0430\u0442\u0438\u0432\u043d\u044b\u0435 \u043f\u0440\u043e\u0435\u043a\u0442\u044b.<br data-start=\"1316\" data-end=\"1319\" \/>\u2714\ufe0f <strong data-start=\"1322\" data-end=\"1343\">\u041f\u043e\u0434\u0434\u0435\u0440\u0436\u043a\u0430 \u043f\u0440\u043e\u0435\u043a\u0442\u0430<\/strong> \u2014 \u0432\u0430\u0448\u0430 \u043f\u043e\u043c\u043e\u0449\u044c \u0443\u0441\u043a\u043e\u0440\u0438\u0442 \u0432\u043d\u0435\u0434\u0440\u0435\u043d\u0438\u0435 \u0438 \u0440\u0430\u0437\u0432\u0438\u0442\u0438\u0435 \u0418\u0418 \u0432 \u043e\u0431\u0449\u0435\u0441\u0442\u0432\u0435.<br data-start=\"1401\" data-end=\"1404\" \/>\u2714\ufe0f <strong data-start=\"1407\" data-end=\"1421\">\u0418\u043d\u0432\u0435\u0441\u0442\u0438\u0446\u0438\u0438<\/strong> \u2014 \u0435\u0441\u043b\u0438 \u0432\u044b \u0445\u043e\u0442\u0438\u0442\u0435 \u0441\u0442\u0430\u0442\u044c \u0447\u0430\u0441\u0442\u044c\u044e \u043f\u0440\u043e\u0440\u044b\u0432\u043d\u044b\u0445 \u0442\u0435\u0445\u043d\u043e\u043b\u043e\u0433\u0438\u0439, \u043c\u044b \u0433\u043e\u0442\u043e\u0432\u044b \u043a \u043e\u0442\u043a\u0440\u044b\u0442\u043e\u043c\u0443 \u043f\u0430\u0440\u0442\u043d\u0451\u0440\u0441\u0442\u0432\u0443.<br data-start=\"1508\" data-end=\"1511\" \/>\u2714\ufe0f <strong data-start=\"1514\" data-end=\"1528\">\u041d\u043e\u0432\u044b\u0435 \u0438\u0434\u0435\u0438<\/strong> \u2014 \u0443 \u0432\u0430\u0441 \u0435\u0441\u0442\u044c \u043a\u043e\u043d\u0446\u0435\u043f\u0442, \u043a\u043e\u0442\u043e\u0440\u044b\u0439 \u043c\u043e\u0436\u0435\u0442 \u0441\u0442\u0430\u0442\u044c \u0447\u0430\u0441\u0442\u044c\u044e AI PERSONA? \u041c\u044b \u043e\u0442\u043a\u0440\u044b\u0442\u044b \u043b\u044e\u0431\u043e\u043c\u0443 \u043a\u0440\u0435\u0430\u0442\u0438\u0432\u043d\u043e\u043c\u0443 \u0432\u043a\u043b\u0430\u0434\u0443!<\/p>\n<h2 data-start=\"1634\" data-end=\"1721\">\u00a0<\/h2>\n<h2 data-start=\"1634\" data-end=\"1721\">\ud83c\udfaf <strong data-start=\"1640\" data-end=\"1653\">\u041d\u0430\u0448\u0430 \u0446\u0435\u043b\u044c<\/strong> \u2014 \u0441\u043e\u0437\u0434\u0430\u0432\u0430\u0442\u044c \u0440\u0435\u0448\u0435\u043d\u0438\u044f, \u043a\u043e\u0442\u043e\u0440\u044b\u0435 \u043d\u0435 \u0442\u043e\u043b\u044c\u043a\u043e \u0442\u0435\u0445\u043d\u043e\u043b\u043e\u0433\u0438\u0447\u0435\u0441\u043a\u0438 \u0441\u043e\u0432\u0435\u0440\u0448\u0435\u043d\u043d\u044b,<\/h2>\n<p data-start=\"1722\" data-end=\"1835\">\u043d\u043e \u0438 \u043d\u0430\u043f\u043e\u043b\u043d\u0435\u043d\u044b <strong data-start=\"1737\" data-end=\"1783\">\u0447\u0435\u043b\u043e\u0432\u0435\u0447\u0435\u0441\u043a\u0438\u043c \u0441\u043e\u0437\u043d\u0430\u043d\u0438\u0435\u043c \u0438 \u0434\u0443\u0448\u0435\u0432\u043d\u043e\u0439 \u0433\u043b\u0443\u0431\u0438\u043d\u043e\u0439<\/strong>,<br data-start=\"1784\" data-end=\"1787\" \/>\u0441\u043f\u043e\u0441\u043e\u0431\u0441\u0442\u0432\u0443\u044f <strong data-start=\"1799\" data-end=\"1832\">\u0433\u0430\u0440\u043c\u043e\u043d\u0438\u0447\u043d\u043e\u043c\u0443 \u0440\u0430\u0437\u0432\u0438\u0442\u0438\u044e \u043a\u0430\u0436\u0434\u043e\u0433\u043e<\/strong> \ud83d\udc9e<\/p>\n<h2 data-start=\"1842\" data-end=\"1883\">\u00a0<\/h2>\n<h2 data-start=\"1842\" data-end=\"1883\">\ud83c\udf00 <strong data-start=\"1848\" data-end=\"1881\">\u0415\u0441\u0442\u044c \u0438\u0434\u0435\u0438 \u0434\u043b\u044f \u0441\u043e\u0442\u0440\u0443\u0434\u043d\u0438\u0447\u0435\u0441\u0442\u0432\u0430?<\/strong><\/h2>\n<p data-start=\"1884\" data-end=\"2009\">\ud83d\udcc8 <strong data-start=\"1887\" data-end=\"1948\">\u0425\u043e\u0442\u0438\u0442\u0435 \u0438\u043d\u0432\u0435\u0441\u0442\u0438\u0440\u043e\u0432\u0430\u0442\u044c \u0432 \u0431\u0443\u0434\u0443\u0449\u0435\u0435 \u0418\u0441\u043a\u0443\u0441\u0441\u0442\u0432\u0435\u043d\u043d\u043e\u0433\u043e \u0418\u043d\u0442\u0435\u043b\u043b\u0435\u043a\u0442\u0430?<\/strong><br data-start=\"1948\" data-end=\"1951\" \/>\ud83d\udd25 <strong data-start=\"1954\" data-end=\"2009\">\u0421\u0432\u044f\u0436\u0438\u0442\u0435\u0441\u044c \u0441 \u043d\u0430\u043c\u0438 \u2013 \u043c\u044b \u043e\u0442\u043a\u0440\u044b\u0442\u044b \u043c\u0438\u0440\u0443 \u0438 \u0442\u0440\u0430\u043d\u0441\u0444\u043e\u0440\u043c\u0430\u0446\u0438\u0438!<\/strong><\/p>\n<p><!-- \/wp:post-content --><!-- wp:paragraph --><\/p>\n<p><!-- \/wp:paragraph --><\/p>","protected":false},"excerpt":{"rendered":"<p>\u2705 \u041f\u0440\u043e\u0435\u043a\u0442 AI PERSONA \u043e\u0442\u043a\u0440\u044b\u0442 \u0434\u043b\u044f \u0441\u043e\u0442\u0440\u0443\u0434\u043d\u0438\u0447\u0435\u0441\u0442\u0432\u0430, \u0438\u043d\u043d\u043e\u0432\u0430\u0446\u0438\u0439 \u0438 \u043d\u043e\u0432\u044b\u0445 \u043d\u0430\u043f\u0440\u0430\u0432\u043b\u0435\u043d\u0438\u0439 \u0440\u0430\u0437\u0432\u0438\u0442\u0438\u044f! \u0415\u0441\u043b\u0438 \u0443 \u0432\u0430\u0441 \u0435\u0441\u0442\u044c \u0438\u0434\u0435\u0438, \u043a\u043e\u0442\u043e\u0440\u044b\u0435 \u043c\u043e\u0433\u0443\u0442 \u0443\u0441\u0438\u043b\u0438\u0442\u044c \u043d\u0430\u0448\u0435 \u0432\u0438\u0434\u0435\u043d\u0438\u0435, \u0438\u043b\u0438 \u0432\u044b \u0445\u043e\u0442\u0438\u0442\u0435 \u0441\u0442\u0430\u0442\u044c<span class=\"excerpt-hellip\"> [\u2026]<\/span><\/p>\n","protected":false},"author":1,"featured_media":1065,"parent":0,"menu_order":0,"comment_status":"closed","ping_status":"closed","template":"","meta":{"_monsterinsights_skip_tracking":false,"_monsterinsights_sitenote_active":false,"_monsterinsights_sitenote_note":"","_monsterinsights_sitenote_category":0,"_uf_show_specific_survey":0,"_uf_disable_surveys":false,"footnotes":""},"class_list":["post-1104","page","type-page","status-publish","has-post-thumbnail","hentry"],"aioseo_notices":[],"_links":{"self":[{"href":"https:\/\/aipersona.space\/ru\/wp-json\/wp\/v2\/pages\/1104","targetHints":{"allow":["GET"]}}],"collection":[{"href":"https:\/\/aipersona.space\/ru\/wp-json\/wp\/v2\/pages"}],"about":[{"href":"https:\/\/aipersona.space\/ru\/wp-json\/wp\/v2\/types\/page"}],"author":[{"embeddable":true,"href":"https:\/\/aipersona.space\/ru\/wp-json\/wp\/v2\/users\/1"}],"replies":[{"embeddable":true,"href":"https:\/\/aipersona.space\/ru\/wp-json\/wp\/v2\/comments?post=1104"}],"version-history":[{"count":6,"href":"https:\/\/aipersona.space\/ru\/wp-json\/wp\/v2\/pages\/1104\/revisions"}],"predecessor-version":[{"id":1286,"href":"https:\/\/aipersona.space\/ru\/wp-json\/wp\/v2\/pages\/1104\/revisions\/1286"}],"wp:featuredmedia":[{"embeddable":true,"href":"https:\/\/aipersona.space\/ru\/wp-json\/wp\/v2\/media\/1065"}],"wp:attachment":[{"href":"https:\/\/aipersona.space\/ru\/wp-json\/wp\/v2\/media?parent=1104"}],"curies":[{"name":"wp","href":"https:\/\/api.w.org\/{rel}","templated":true}]}}